{"id":662,"date":"2025-08-11T11:25:55","date_gmt":"2025-08-11T09:25:55","guid":{"rendered":"https:\/\/mushnco.com\/?page_id=662"},"modified":"2025-11-21T17:10:31","modified_gmt":"2025-11-21T16:10:31","slug":"mushnco-coming-soon","status":"publish","type":"page","link":"https:\/\/mushnco.com\/es\/","title":{"rendered":"Mushnco Pr\u00f3ximamente"},"content":{"rendered":"<div data-elementor-type=\"wp-page\" data-elementor-id=\"662\" class=\"elementor elementor-662\" data-elementor-settings=\"{&quot;element_pack_global_tooltip_width&quot;:{&quot;unit&quot;:&quot;px&quot;,&quot;size&quot;:&quot;&quot;,&quot;sizes&quot;:[]},&quot;element_pack_global_tooltip_width_tablet&quot;:{&quot;unit&quot;:&quot;px&quot;,&quot;size&quot;:&quot;&quot;,&quot;sizes&quot;:[]},&quot;element_pack_global_tooltip_width_mobile&quot;:{&quot;unit&quot;:&quot;px&quot;,&quot;size&quot;:&quot;&quot;,&quot;sizes&quot;:[]},&quot;element_pack_global_tooltip_padding&quot;:{&quot;unit&quot;:&quot;px&quot;,&quot;top&quot;:&quot;&quot;,&quot;right&quot;:&quot;&quot;,&quot;bottom&quot;:&quot;&quot;,&quot;left&quot;:&quot;&quot;,&quot;isLinked&quot;:true},&quot;element_pack_global_tooltip_padding_tablet&quot;:{&quot;unit&quot;:&quot;px&quot;,&quot;top&quot;:&quot;&quot;,&quot;right&quot;:&quot;&quot;,&quot;bottom&quot;:&quot;&quot;,&quot;left&quot;:&quot;&quot;,&quot;isLinked&quot;:true},&quot;element_pack_global_tooltip_padding_mobile&quot;:{&quot;unit&quot;:&quot;px&quot;,&quot;top&quot;:&quot;&quot;,&quot;right&quot;:&quot;&quot;,&quot;bottom&quot;:&quot;&quot;,&quot;left&quot;:&quot;&quot;,&quot;isLinked&quot;:true},&quot;element_pack_global_tooltip_border_radius&quot;:{&quot;unit&quot;:&quot;px&quot;,&quot;top&quot;:&quot;&quot;,&quot;right&quot;:&quot;&quot;,&quot;bottom&quot;:&quot;&quot;,&quot;left&quot;:&quot;&quot;,&quot;isLinked&quot;:true},&quot;element_pack_global_tooltip_border_radius_tablet&quot;:{&quot;unit&quot;:&quot;px&quot;,&quot;top&quot;:&quot;&quot;,&quot;right&quot;:&quot;&quot;,&quot;bottom&quot;:&quot;&quot;,&quot;left&quot;:&quot;&quot;,&quot;isLinked&quot;:true},&quot;element_pack_global_tooltip_border_radius_mobile&quot;:{&quot;unit&quot;:&quot;px&quot;,&quot;top&quot;:&quot;&quot;,&quot;right&quot;:&quot;&quot;,&quot;bottom&quot;:&quot;&quot;,&quot;left&quot;:&quot;&quot;,&quot;isLinked&quot;:true}}\" data-elementor-post-type=\"page\">\n\t\t\t\t<div class=\"elementor-element elementor-element-8f2654f e-flex e-con-boxed e-con e-parent\" data-id=\"8f2654f\" data-element_type=\"container\" data-e-type=\"container\" data-settings=\"{&quot;background_background&quot;:&quot;classic&quot;}\">\n\t\t\t\t\t<div class=\"e-con-inner\">\n\t\t<div class=\"elementor-element elementor-element-279a8ac e-con-full e-flex e-con e-child\" data-id=\"279a8ac\" data-element_type=\"container\" data-e-type=\"container\">\n\t\t\t\t<div class=\"elementor-element elementor-element-8a00185 elementor-widget elementor-widget-heading\" data-id=\"8a00185\" data-element_type=\"widget\" data-e-type=\"widget\" data-widget_type=\"heading.default\">\n\t\t\t\t\t<h1 class=\"elementor-heading-title elementor-size-default\">\u00a1Ahora creciendo en Madrid!<\/h1>\t\t\t\t<\/div>\n\t\t\t\t<div class=\"elementor-element elementor-element-649f975 elementor-widget elementor-widget-text-editor\" data-id=\"649f975\" data-element_type=\"widget\" data-e-type=\"widget\" data-widget_type=\"text-editor.default\">\n\t\t\t\t\t\t\t\t\t<p>Te ofrecemos setas gourmet frescas cultivadas localmente. <br \/>Mientras tanto, descargue el cat\u00e1logo para ver qu\u00e9 se est\u00e1 cocinando.<\/p>\t\t\t\t\t\t\t\t<\/div>\n\t\t\t\t<div class=\"elementor-element elementor-element-4a91b6d elementor-widget__width-auto elementor-widget elementor-widget-jet-form-builder-form\" data-id=\"4a91b6d\" data-element_type=\"widget\" data-e-type=\"widget\" data-widget_type=\"jet-form-builder-form.default\">\n\t\t\t\t<div class=\"elementor-widget-container\">\n\t\t\t\t\t<style>.elementor-element-4a91b6d{display:none !important}<\/style>\t\t\t\t<\/div>\n\t\t\t\t<\/div>\n\t\t\t\t<div class=\"elementor-element elementor-element-85f9ca4 elementor-widget__width-auto elementor-widget elementor-widget-jet-form-builder-form\" data-id=\"85f9ca4\" data-element_type=\"widget\" data-e-type=\"widget\" data-widget_type=\"jet-form-builder-form.default\">\n\t\t\t\t<div class=\"elementor-widget-container\">\n\t\t\t\t\t<link rel=\"preconnect\" href=\"https:\/\/fonts.gstatic.com\"><style id=\"jet-form-builder-1222-inline-css\">.jet-sm-gb-037333b4-cece-4999-9417-589c4f0beace .jet-form-builder__action-button:hover:not(:disabled){background-color: ;} .jet-sm-gb-9592cd5e-23e1-425c-baff-dd0ecf6aa914 .jet-form-builder__desc.jet-form-builder__desc.jet-form-builder__desc{background-color: ;} <\/style><form  class=\"jet-form-builder layout-column submit-type-reload\" action=\"https:\/\/mushnco.com\/es\/wp-json\/wp\/v2\/pages\/662\/?oTsQJa=WvHeq1awGc&#038;method=reload\" method=\"POST\" data-form-id=\"1222\" data-layout=\"column\" enctype=\"multipart\/form-data\" novalidate=\"null\" ssr_validation_method=\"rest\" data-trp-original-action=\"https:\/\/mushnco.com\/es\/wp-json\/wp\/v2\/pages\/662\/?oTsQJa=WvHeq1awGc&amp;method=reload\"><input type=\"hidden\" id=\"_wpnonce\" name=\"_wpnonce\" value=\"3cb9aea8fa\" \/><input type=\"hidden\" name=\"_wp_http_referer\" value=\"\/es\/wp-json\/wp\/v2\/pages\/662\" \/>\r\n<input type=\"hidden\" name=\"_jfb_current_render_states[]\" value=\"DEFAULT.STATE\" data-jfb-sync \/><input type=\"hidden\" class=\"jet-form-builder__field hidden-field\" name=\"_jet_engine_booking_form_id\" data-field-name=\"_jet_engine_booking_form_id\" value=\"1222\">\n<input type=\"hidden\" class=\"jet-form-builder__field hidden-field\" name=\"_jet_engine_refer\" data-field-name=\"_jet_engine_refer\" value=\"https:\/\/mushnco.com\/es\/wp-json\/wp\/v2\/pages\/662\/\">\n<input type=\"hidden\" class=\"jet-form-builder__field hidden-field\" name=\"__queried_post_id\" data-field-name=\"__queried_post_id\" value=\"662\">\n\n<div class=\"wp-block-group alignwide is-horizontal is-content-justification-center is-nowrap is-layout-flex wp-container-core-group-is-layout-c1dfda1e wp-block-group-is-layout-flex\"><div class=\"jet-sm-gb-wrapper jet-sm-gb-9592cd5e-23e1-425c-baff-dd0ecf6aa914\" data-block-id=\"jet-sm-gb-9592cd5e-23e1-425c-baff-dd0ecf6aa914\" ><div  class=\"jet-form-builder-row field-type-text-field\" >\n<div class=\"jet-form-builder__field-wrap\">\n\t\t\t\t<input placeholder=\"TU EMAIL\" required=\"required\" name=\"email\" id=\"email_1\" type=\"email\" data-field-name=\"email\" class=\"jet-form-builder__field text-field\" data-jfb-sync=\"null\" autocomplete=\"off_g8vMQmW3\">\n\t\t\t\t\t<\/div>\n<\/div><\/div>\n\n<div class=\"jet-sm-gb-wrapper jet-sm-gb-037333b4-cece-4999-9417-589c4f0beace\" data-block-id=\"jet-sm-gb-037333b4-cece-4999-9417-589c4f0beace\" ><div  class=\"jet-form-builder-row field-type-submit-field\" >\n\t<div data-type=\"submit\" class=\"jet-form-builder__action-button-wrapper jet-form-builder__submit-wrap\">\n\t<button class=\"jet-form-builder__action-button jet-form-builder__submit submit-type-reload\" type=\"submit\">DESCARGAR AHORA<\/button>\n\t<\/div>\n\t\n<\/div><\/div><\/div>\n\t<div class=\"jet-form-builder-messages-wrap\" data-form-id=\"1222\"><\/div>\n<input type=\"hidden\" name=\"trp-form-language\" value=\"es\"\/><\/form>\n\t\t\t\t<\/div>\n\t\t\t\t<\/div>\n\t\t\t\t<div class=\"elementor-element elementor-element-df77500 elementor-widget__width-initial elementor-widget elementor-widget-text-editor\" data-id=\"df77500\" data-element_type=\"widget\" data-e-type=\"widget\" data-widget_type=\"text-editor.default\">\n\t\t\t\t\t\t\t\t\t<p>Al hacer clic en <strong data-start=\"79\" data-end=\"91\">Descargar<\/strong>, usted acepta recibir correos electr\u00f3nicos de mushnco y da su consentimiento para el tratamiento de sus datos tal y como se describe en nuestra <a class=\"cursor-pointer\" target=\"_new\" rel=\"noopener\" data-start=\"197\" data-end=\"249\">Pol\u00edtica de privacidad<\/a>.<\/p>\t\t\t\t\t\t\t\t<\/div>\n\t\t\t\t<\/div>\n\t\t<div class=\"elementor-element elementor-element-eb4f22d e-con-full e-flex e-con e-child\" data-id=\"eb4f22d\" data-element_type=\"container\" data-e-type=\"container\">\n\t\t\t\t<div class=\"elementor-element elementor-element-ef0716c elementor-widget__width-initial elementor-widget elementor-widget-image\" data-id=\"ef0716c\" data-element_type=\"widget\" data-e-type=\"widget\" data-widget_type=\"image.default\">\n\t\t\t\t\t\t\t\t\t\t\t\t\t\t\t<img fetchpriority=\"high\" decoding=\"async\" width=\"1920\" height=\"1174\" src=\"https:\/\/mushnco.com\/wp-content\/uploads\/2025\/08\/background-fungusmushnco.png\" class=\"attachment-full size-full wp-image-903\" alt=\"\" srcset=\"https:\/\/mushnco.com\/wp-content\/uploads\/2025\/08\/background-fungusmushnco.png 1920w, https:\/\/mushnco.com\/wp-content\/uploads\/2025\/08\/background-fungusmushnco-300x183.png 300w, https:\/\/mushnco.com\/wp-content\/uploads\/2025\/08\/background-fungusmushnco-1024x626.png 1024w, https:\/\/mushnco.com\/wp-content\/uploads\/2025\/08\/background-fungusmushnco-768x470.png 768w, https:\/\/mushnco.com\/wp-content\/uploads\/2025\/08\/background-fungusmushnco-1536x939.png 1536w, https:\/\/mushnco.com\/wp-content\/uploads\/2025\/08\/background-fungusmushnco-18x12.png 18w, https:\/\/mushnco.com\/wp-content\/uploads\/2025\/08\/background-fungusmushnco-650x397.png 650w\" sizes=\"(max-width: 1920px) 100vw, 1920px\" \/>\t\t\t\t\t\t\t\t\t\t\t\t\t\t\t<\/div>\n\t\t\t\t<\/div>\n\t\t\t\t\t<\/div>\n\t\t\t\t<\/div>\n\t\t\t\t<\/div>","protected":false},"excerpt":{"rendered":"<p>Now growing in Madrid! We\u2019re bringing you fresh, locally-grown gourmet mushrooms. Meanwhile, download the catalogue to see what\u2019s cooking. DOWNLOAD NOW By [&hellip;]<\/p>\n","protected":false},"author":1,"featured_media":0,"parent":0,"menu_order":0,"comment_status":"closed","ping_status":"closed","template":"elementor_header_footer","meta":{"_jet_sm_ready_style":"","_jet_sm_style":"","_jet_sm_controls_values":"","_jet_sm_fonts_collection":"","_jet_sm_fonts_links":"","footnotes":""},"class_list":["post-662","page","type-page","status-publish","hentry"],"_links":{"self":[{"href":"https:\/\/mushnco.com\/es\/wp-json\/wp\/v2\/pages\/662","targetHints":{"allow":["GET"]}}],"collection":[{"href":"https:\/\/mushnco.com\/es\/wp-json\/wp\/v2\/pages"}],"about":[{"href":"https:\/\/mushnco.com\/es\/wp-json\/wp\/v2\/types\/page"}],"author":[{"embeddable":true,"href":"https:\/\/mushnco.com\/es\/wp-json\/wp\/v2\/users\/1"}],"replies":[{"embeddable":true,"href":"https:\/\/mushnco.com\/es\/wp-json\/wp\/v2\/comments?post=662"}],"version-history":[{"count":334,"href":"https:\/\/mushnco.com\/es\/wp-json\/wp\/v2\/pages\/662\/revisions"}],"predecessor-version":[{"id":1235,"href":"https:\/\/mushnco.com\/es\/wp-json\/wp\/v2\/pages\/662\/revisions\/1235"}],"wp:attachment":[{"href":"https:\/\/mushnco.com\/es\/wp-json\/wp\/v2\/media?parent=662"}],"curies":[{"name":"wp","href":"https:\/\/api.w.org\/{rel}","templated":true}]}}